{"id":98,"date":"2019-10-13T09:07:22","date_gmt":"2019-10-13T09:07:22","guid":{"rendered":"https:\/\/latintoreriasantceloni.cat\/?page_id=98"},"modified":"2025-11-06T11:41:42","modified_gmt":"2025-11-06T11:41:42","slug":"contactar","status":"publish","type":"page","link":"https:\/\/latintoreriasantceloni.cat\/es\/contactar\/","title":{"rendered":"Contactar"},"content":{"rendered":"<div data-elementor-type=\"wp-page\" data-elementor-id=\"98\" class=\"elementor elementor-98\">\n\t\t\t\t\t\t<div class=\"elementor-inner\">\n\t\t\t\t<div class=\"elementor-section-wrap\">\n\t\t\t\t\t\t\t\t\t<section class=\"elementor-section elementor-top-section elementor-element elementor-element-3bc2661 elementor-section-boxed elementor-section-height-default elementor-section-height-default\" data-id=\"3bc2661\" data-element_type=\"section\">\n\t\t\t\t\t\t<div class=\"elementor-container elementor-column-gap-no\">\n\t\t\t\t\t\t\t<div class=\"elementor-row\">\n\t\t\t\t\t<div class=\"aux-parallax-section elementor-column elementor-col-50 elementor-top-column elementor-element elementor-element-6f66ef4\" data-id=\"6f66ef4\" data-element_type=\"column\">\n\t\t\t<div class=\"elementor-column-wrap elementor-element-populated\">\n\t\t\t\t\t\t\t<div class=\"elementor-widget-wrap\">\n\t\t\t\t\t\t<div class=\"elementor-element elementor-element-519a4be aux-appear-watch-animation aux-fade-in-up-1 elementor-widget elementor-widget-aux_modern_heading\" data-id=\"519a4be\" data-element_type=\"widget\" data-widget_type=\"aux_modern_heading.default\">\n\t\t\t\t<div class=\"elementor-widget-container\">\n\t\t\t<section class=\"aux-widget-modern-heading\">\n            <div class=\"aux-widget-inner\"><h5 class=\"aux-modern-heading-primary\">Contactar<\/h5><h3 class=\"aux-modern-heading-secondary\"><span class=\"aux-head-before\">Contacte con nosotros<\/span><\/h3><div class=\"aux-modern-heading-description\"><p>Escr\u00edbenos un email o ll\u00e1manos para recibir toda la informaci\u00f3n que necesites o para realizar un pedido en alguno de nuestros servicios.<\/p><\/div><\/div>\n        <\/section>\t\t<\/div>\n\t\t\t\t<\/div>\n\t\t\t\t<div class=\"elementor-element elementor-element-5c7420b aux-shpe-type-circle elementor-widget elementor-widget-aux_simple_shape\" data-id=\"5c7420b\" data-element_type=\"widget\" data-widget_type=\"aux_simple_shape.default\">\n\t\t\t\t<div class=\"elementor-widget-container\">\n\t\t\t    <div class=\"aux-widget-container aux-simple-shape-container\">\n        <div class=\"aux-widget-container-inner\">\n            <div class=\"aux-the-shape\"><\/div>\n        <\/div>\n    <\/div>\n    \t\t<\/div>\n\t\t\t\t<\/div>\n\t\t\t\t\t\t<\/div>\n\t\t\t\t\t<\/div>\n\t\t<\/div>\n\t\t\t\t<div class=\"aux-parallax-section elementor-column elementor-col-50 elementor-top-column elementor-element elementor-element-599c58b aux-appear-watch-animation aux-fade-in-left-1\" data-id=\"599c58b\" data-element_type=\"column\" data-settings=\"{&quot;background_background&quot;:&quot;gradient&quot;}\">\n\t\t\t<div class=\"elementor-column-wrap elementor-element-populated\">\n\t\t\t\t\t\t\t<div class=\"elementor-widget-wrap\">\n\t\t\t\t\t\t<section class=\"elementor-section elementor-inner-section elementor-element elementor-element-1100b89 aux-appear-watch-animation aux-fade-in-down-1 elementor-section-boxed elementor-section-height-default elementor-section-height-default\" data-id=\"1100b89\" data-element_type=\"section\">\n\t\t\t\t\t\t<div class=\"elementor-container elementor-column-gap-default\">\n\t\t\t\t\t\t\t<div class=\"elementor-row\">\n\t\t\t\t\t<div class=\"aux-parallax-section elementor-column elementor-col-50 elementor-inner-column elementor-element elementor-element-745bbdb\" data-id=\"745bbdb\" data-element_type=\"column\">\n\t\t\t<div class=\"elementor-column-wrap elementor-element-populated\">\n\t\t\t\t\t\t\t<div class=\"elementor-widget-wrap\">\n\t\t\t\t\t\t<div class=\"elementor-element elementor-element-d472f64 elementor-widget__width-auto elementor-widget elementor-widget-aux_image\" data-id=\"d472f64\" data-element_type=\"widget\" data-widget_type=\"aux_image.default\">\n\t\t\t\t<div class=\"elementor-widget-container\">\n\t\t\t<section class=\"widget-container aux-widget-image aux-alignnone aux-parent-au5b966c8c\">\n    <div class=\"aux-media-hint-frame\">\n        <div class=\"aux-media-image\" >\n        \n            \n\n            \n            <img decoding=\"async\" src=\"https:\/\/latintoreriasantceloni.cat\/wp-content\/uploads\/2021\/06\/placeholder.svg\" alt=\"\" \/>            \n                <\/div>\n    <\/div>\n\n<\/section><!-- widget-container -->\t\t<\/div>\n\t\t\t\t<\/div>\n\t\t\t\t\t\t<\/div>\n\t\t\t\t\t<\/div>\n\t\t<\/div>\n\t\t\t\t<div class=\"aux-parallax-section elementor-column elementor-col-50 elementor-inner-column elementor-element elementor-element-83980dc\" data-id=\"83980dc\" data-element_type=\"column\">\n\t\t\t<div class=\"elementor-column-wrap elementor-element-populated\">\n\t\t\t\t\t\t\t<div class=\"elementor-widget-wrap\">\n\t\t\t\t\t\t<div class=\"elementor-element elementor-element-93cb28c elementor-widget elementor-widget-aux_modern_heading\" data-id=\"93cb28c\" data-element_type=\"widget\" data-widget_type=\"aux_modern_heading.default\">\n\t\t\t\t<div class=\"elementor-widget-container\">\n\t\t\t<section class=\"aux-widget-modern-heading\">\n            <div class=\"aux-widget-inner\"><h2 class=\"aux-modern-heading-primary\">Ubicaci\u00f3n:<\/h2><div class=\"aux-modern-heading-description\"><p><span class=\"LrzXr\">Ctra. Vella, 13, 08470 Sant Celoni, Barcelona<\/span><\/p><\/div><\/div>\n        <\/section>\t\t<\/div>\n\t\t\t\t<\/div>\n\t\t\t\t\t\t<\/div>\n\t\t\t\t\t<\/div>\n\t\t<\/div>\n\t\t\t\t\t\t\t\t<\/div>\n\t\t\t\t\t<\/div>\n\t\t<\/section>\n\t\t\t\t<section class=\"elementor-section elementor-inner-section elementor-element elementor-element-ad2b7bf aux-appear-watch-animation aux-fade-in-up-1 elementor-section-boxed elementor-section-height-default elementor-section-height-default\" data-id=\"ad2b7bf\" data-element_type=\"section\">\n\t\t\t\t\t\t<div class=\"elementor-container elementor-column-gap-default\">\n\t\t\t\t\t\t\t<div class=\"elementor-row\">\n\t\t\t\t\t<div class=\"aux-parallax-section elementor-column elementor-col-50 elementor-inner-column elementor-element elementor-element-c80c102\" data-id=\"c80c102\" data-element_type=\"column\">\n\t\t\t<div class=\"elementor-column-wrap elementor-element-populated\">\n\t\t\t\t\t\t\t<div class=\"elementor-widget-wrap\">\n\t\t\t\t\t\t<div class=\"elementor-element elementor-element-bde21fb elementor-widget__width-auto elementor-widget elementor-widget-aux_image\" data-id=\"bde21fb\" data-element_type=\"widget\" data-widget_type=\"aux_image.default\">\n\t\t\t\t<div class=\"elementor-widget-container\">\n\t\t\t<section class=\"widget-container aux-widget-image aux-alignnone aux-parent-au81277d2e\">\n    <div class=\"aux-media-hint-frame\">\n        <div class=\"aux-media-image\" >\n        \n            \n\n            \n            <img decoding=\"async\" src=\"https:\/\/latintoreriasantceloni.cat\/wp-content\/uploads\/2021\/06\/iphone.svg\" alt=\"\" \/>            \n                <\/div>\n    <\/div>\n\n<\/section><!-- widget-container -->\t\t<\/div>\n\t\t\t\t<\/div>\n\t\t\t\t\t\t<\/div>\n\t\t\t\t\t<\/div>\n\t\t<\/div>\n\t\t\t\t<div class=\"aux-parallax-section elementor-column elementor-col-50 elementor-inner-column elementor-element elementor-element-f432850\" data-id=\"f432850\" data-element_type=\"column\">\n\t\t\t<div class=\"elementor-column-wrap elementor-element-populated\">\n\t\t\t\t\t\t\t<div class=\"elementor-widget-wrap\">\n\t\t\t\t\t\t<div class=\"elementor-element elementor-element-8314c19 elementor-widget elementor-widget-aux_modern_heading\" data-id=\"8314c19\" data-element_type=\"widget\" data-widget_type=\"aux_modern_heading.default\">\n\t\t\t\t<div class=\"elementor-widget-container\">\n\t\t\t<section class=\"aux-widget-modern-heading\">\n            <div class=\"aux-widget-inner\"><h2 class=\"aux-modern-heading-primary\">Tel\u00e9fono:<\/h2><div class=\"aux-modern-heading-description\">938 670 418<\/div><\/div>\n        <\/section>\t\t<\/div>\n\t\t\t\t<\/div>\n\t\t\t\t\t\t<\/div>\n\t\t\t\t\t<\/div>\n\t\t<\/div>\n\t\t\t\t\t\t\t\t<\/div>\n\t\t\t\t\t<\/div>\n\t\t<\/section>\n\t\t\t\t<div class=\"elementor-element elementor-element-a118f92 elementor-widget elementor-widget-image\" data-id=\"a118f92\" data-element_type=\"widget\" data-widget_type=\"image.default\">\n\t\t\t\t<div class=\"elementor-widget-container\">\n\t\t\t\t\t\t\t\t<div class=\"elementor-image\">\n\t\t\t\t\t\t\t\t\t\t\t\t<img loading=\"lazy\" decoding=\"async\" width=\"612\" height=\"446\" src=\"https:\/\/latintoreriasantceloni.cat\/wp-content\/uploads\/2023\/06\/image.jpg\" class=\"attachment-large size-large wp-image-328\" alt=\"\" srcset=\"https:\/\/latintoreriasantceloni.cat\/wp-content\/uploads\/2023\/06\/image.jpg 612w, https:\/\/latintoreriasantceloni.cat\/wp-content\/uploads\/2023\/06\/image-16x12.jpg 16w\" sizes=\"auto, (max-width: 612px) 100vw, 612px\" \/>\t\t\t\t\t\t\t\t\t\t\t\t\t\t<\/div>\n\t\t\t\t\t\t<\/div>\n\t\t\t\t<\/div>\n\t\t\t\t\t\t<\/div>\n\t\t\t\t\t<\/div>\n\t\t<\/div>\n\t\t\t\t\t\t\t\t<\/div>\n\t\t\t\t\t<\/div>\n\t\t<\/section>\n\t\t\t\t<section class=\"elementor-section elementor-top-section elementor-element elementor-element-96010b4 elementor-section-boxed elementor-section-height-default elementor-section-height-default\" data-id=\"96010b4\" data-element_type=\"section\">\n\t\t\t\t\t\t<div class=\"elementor-container elementor-column-gap-no\">\n\t\t\t\t\t\t\t<div class=\"elementor-row\">\n\t\t\t\t\t<div class=\"aux-parallax-section elementor-column elementor-col-100 elementor-top-column elementor-element elementor-element-e80f93b\" data-id=\"e80f93b\" data-element_type=\"column\">\n\t\t\t<div class=\"elementor-column-wrap elementor-element-populated\">\n\t\t\t\t\t\t\t<div class=\"elementor-widget-wrap\">\n\t\t\t\t\t\t<div class=\"elementor-element elementor-element-7ffea8d elementor-widget elementor-widget-google_maps\" data-id=\"7ffea8d\" data-element_type=\"widget\" data-widget_type=\"google_maps.default\">\n\t\t\t\t<div class=\"elementor-widget-container\">\n\t\t\t\t\t<div class=\"elementor-custom-embed\">\n\t\t\t<iframe loading=\"lazy\"\n\t\t\t\t\tsrc=\"https:\/\/maps.google.com\/maps?q=la%20tintoreria%20sant%20celoni&#038;t=m&#038;z=15&#038;output=embed&#038;iwloc=near\"\n\t\t\t\t\ttitle=\"la tintoreria sant celoni\"\n\t\t\t\t\taria-label=\"la tintoreria sant celoni\"\n\t\t\t><\/iframe>\n\t\t<\/div>\n\t\t\t\t<\/div>\n\t\t\t\t<\/div>\n\t\t\t\t\t\t<\/div>\n\t\t\t\t\t<\/div>\n\t\t<\/div>\n\t\t\t\t\t\t\t\t<\/div>\n\t\t\t\t\t<\/div>\n\t\t<\/section>\n\t\t\t\t\t\t\t\t\t<\/div>\n\t\t\t<\/div>\n\t\t\t\t\t<\/div>","protected":false},"excerpt":{"rendered":"<p>Contactar Contacteu amb nosaltres Escriu-nos un email o truca&#8217;ns per rebre tota la informaci\u00f3 que necessitis o per fer una comanda en algun dels nostres serveis. Ubicaci\u00f3: Ctra. Vella, 13, 08470 Sant Celoni, Barcelona Tel\u00e8fon : 938 670 418<\/p>","protected":false},"author":1,"featured_media":0,"parent":0,"menu_order":0,"comment_status":"closed","ping_status":"closed","template":"templates\/page-builder-content.php","meta":{"footnotes":""},"class_list":["post-98","page","type-page","status-publish","hentry"],"yoast_head":"<!-- This site is optimized with the Yoast SEO plugin v20.8 - https:\/\/yoast.com\/wordpress\/plugins\/seo\/ -->\n<title>La Tintoreria de Sant Celoni | Contactar<\/title>\n<meta name=\"description\" content=\"A la Tintoreria de Sant Celoni et rentem i arreglem la roba perqu\u00e8 tu guanyis temps i estalvi\u00efs diners.\" \/>\n<meta name=\"robots\" content=\"index, follow, max-snippet:-1, max-image-preview:large, max-video-preview:-1\" \/>\n<link rel=\"canonical\" href=\"https:\/\/latintoreriasantceloni.cat\/es\/contactar\/\" \/>\n<meta property=\"og:locale\" content=\"es_ES\" \/>\n<meta property=\"og:type\" content=\"article\" \/>\n<meta property=\"og:title\" content=\"La Tintoreria de Sant Celoni | Contactar\" \/>\n<meta property=\"og:description\" content=\"A la Tintoreria de Sant Celoni et rentem i arreglem la roba perqu\u00e8 tu guanyis temps i estalvi\u00efs diners.\" \/>\n<meta property=\"og:url\" content=\"https:\/\/latintoreriasantceloni.cat\/es\/contactar\/\" \/>\n<meta property=\"og:site_name\" content=\"La Tintoreria Sant Celoni\" \/>\n<meta property=\"article:modified_time\" content=\"2025-11-06T11:41:42+00:00\" \/>\n<meta property=\"og:image\" content=\"https:\/\/latintoreriasantceloni.cat\/wp-content\/uploads\/2021\/06\/placeholder.svg\" \/>\n<meta name=\"twitter:card\" content=\"summary_large_image\" \/>\n<meta name=\"twitter:label1\" content=\"Tiempo de lectura\" \/>\n\t<meta name=\"twitter:data1\" content=\"1 minuto\" \/>\n<script type=\"application\/ld+json\" class=\"yoast-schema-graph\">{\"@context\":\"https:\/\/schema.org\",\"@graph\":[{\"@type\":\"WebPage\",\"@id\":\"https:\/\/latintoreriasantceloni.cat\/contactar\/\",\"url\":\"https:\/\/latintoreriasantceloni.cat\/contactar\/\",\"name\":\"La Tintoreria de Sant Celoni | Contactar\",\"isPartOf\":{\"@id\":\"https:\/\/latintoreriasantceloni.cat\/#website\"},\"datePublished\":\"2019-10-13T09:07:22+00:00\",\"dateModified\":\"2025-11-06T11:41:42+00:00\",\"description\":\"A la Tintoreria de Sant Celoni et rentem i arreglem la roba perqu\u00e8 tu guanyis temps i estalvi\u00efs diners.\",\"breadcrumb\":{\"@id\":\"https:\/\/latintoreriasantceloni.cat\/contactar\/#breadcrumb\"},\"inLanguage\":\"es\",\"potentialAction\":[{\"@type\":\"ReadAction\",\"target\":[\"https:\/\/latintoreriasantceloni.cat\/contactar\/\"]}]},{\"@type\":\"BreadcrumbList\",\"@id\":\"https:\/\/latintoreriasantceloni.cat\/contactar\/#breadcrumb\",\"itemListElement\":[{\"@type\":\"ListItem\",\"position\":1,\"name\":\"Portada\",\"item\":\"https:\/\/latintoreriasantceloni.cat\/\"},{\"@type\":\"ListItem\",\"position\":2,\"name\":\"Contactar\"}]},{\"@type\":\"WebSite\",\"@id\":\"https:\/\/latintoreriasantceloni.cat\/#website\",\"url\":\"https:\/\/latintoreriasantceloni.cat\/\",\"name\":\"La Tintoreria Sant Celoni\",\"description\":\"\",\"publisher\":{\"@id\":\"https:\/\/latintoreriasantceloni.cat\/#organization\"},\"potentialAction\":[{\"@type\":\"SearchAction\",\"target\":{\"@type\":\"EntryPoint\",\"urlTemplate\":\"https:\/\/latintoreriasantceloni.cat\/?s={search_term_string}\"},\"query-input\":\"required name=search_term_string\"}],\"inLanguage\":\"es\"},{\"@type\":\"Organization\",\"@id\":\"https:\/\/latintoreriasantceloni.cat\/#organization\",\"name\":\"La Tintoreria Sant Celoni\",\"url\":\"https:\/\/latintoreriasantceloni.cat\/\",\"logo\":{\"@type\":\"ImageObject\",\"inLanguage\":\"es\",\"@id\":\"https:\/\/latintoreriasantceloni.cat\/#\/schema\/logo\/image\/\",\"url\":\"https:\/\/latintoreriasantceloni.cat\/wp-content\/uploads\/2023\/06\/logo.png\",\"contentUrl\":\"https:\/\/latintoreriasantceloni.cat\/wp-content\/uploads\/2023\/06\/logo.png\",\"width\":300,\"height\":100,\"caption\":\"La Tintoreria Sant Celoni\"},\"image\":{\"@id\":\"https:\/\/latintoreriasantceloni.cat\/#\/schema\/logo\/image\/\"}}]}<\/script>\n<!-- \/ Yoast SEO plugin. -->","yoast_head_json":{"title":"La Tintoreria de Sant Celoni | Contactar","description":"A la Tintoreria de Sant Celoni et rentem i arreglem la roba perqu\u00e8 tu guanyis temps i estalvi\u00efs diners.","robots":{"index":"index","follow":"follow","max-snippet":"max-snippet:-1","max-image-preview":"max-image-preview:large","max-video-preview":"max-video-preview:-1"},"canonical":"https:\/\/latintoreriasantceloni.cat\/es\/contactar\/","og_locale":"es_ES","og_type":"article","og_title":"La Tintoreria de Sant Celoni | Contactar","og_description":"A la Tintoreria de Sant Celoni et rentem i arreglem la roba perqu\u00e8 tu guanyis temps i estalvi\u00efs diners.","og_url":"https:\/\/latintoreriasantceloni.cat\/es\/contactar\/","og_site_name":"La Tintoreria Sant Celoni","article_modified_time":"2025-11-06T11:41:42+00:00","og_image":[{"url":"https:\/\/latintoreriasantceloni.cat\/wp-content\/uploads\/2021\/06\/placeholder.svg"}],"twitter_card":"summary_large_image","twitter_misc":{"Tiempo de lectura":"1 minuto"},"schema":{"@context":"https:\/\/schema.org","@graph":[{"@type":"WebPage","@id":"https:\/\/latintoreriasantceloni.cat\/contactar\/","url":"https:\/\/latintoreriasantceloni.cat\/contactar\/","name":"La Tintoreria de Sant Celoni | Contactar","isPartOf":{"@id":"https:\/\/latintoreriasantceloni.cat\/#website"},"datePublished":"2019-10-13T09:07:22+00:00","dateModified":"2025-11-06T11:41:42+00:00","description":"A la Tintoreria de Sant Celoni et rentem i arreglem la roba perqu\u00e8 tu guanyis temps i estalvi\u00efs diners.","breadcrumb":{"@id":"https:\/\/latintoreriasantceloni.cat\/contactar\/#breadcrumb"},"inLanguage":"es","potentialAction":[{"@type":"ReadAction","target":["https:\/\/latintoreriasantceloni.cat\/contactar\/"]}]},{"@type":"BreadcrumbList","@id":"https:\/\/latintoreriasantceloni.cat\/contactar\/#breadcrumb","itemListElement":[{"@type":"ListItem","position":1,"name":"Portada","item":"https:\/\/latintoreriasantceloni.cat\/"},{"@type":"ListItem","position":2,"name":"Contactar"}]},{"@type":"WebSite","@id":"https:\/\/latintoreriasantceloni.cat\/#website","url":"https:\/\/latintoreriasantceloni.cat\/","name":"La Tintoreria Sant Celoni","description":"","publisher":{"@id":"https:\/\/latintoreriasantceloni.cat\/#organization"},"potentialAction":[{"@type":"SearchAction","target":{"@type":"EntryPoint","urlTemplate":"https:\/\/latintoreriasantceloni.cat\/?s={search_term_string}"},"query-input":"required name=search_term_string"}],"inLanguage":"es"},{"@type":"Organization","@id":"https:\/\/latintoreriasantceloni.cat\/#organization","name":"La Tintoreria Sant Celoni","url":"https:\/\/latintoreriasantceloni.cat\/","logo":{"@type":"ImageObject","inLanguage":"es","@id":"https:\/\/latintoreriasantceloni.cat\/#\/schema\/logo\/image\/","url":"https:\/\/latintoreriasantceloni.cat\/wp-content\/uploads\/2023\/06\/logo.png","contentUrl":"https:\/\/latintoreriasantceloni.cat\/wp-content\/uploads\/2023\/06\/logo.png","width":300,"height":100,"caption":"La Tintoreria Sant Celoni"},"image":{"@id":"https:\/\/latintoreriasantceloni.cat\/#\/schema\/logo\/image\/"}}]}},"_links":{"self":[{"href":"https:\/\/latintoreriasantceloni.cat\/es\/wp-json\/wp\/v2\/pages\/98","targetHints":{"allow":["GET"]}}],"collection":[{"href":"https:\/\/latintoreriasantceloni.cat\/es\/wp-json\/wp\/v2\/pages"}],"about":[{"href":"https:\/\/latintoreriasantceloni.cat\/es\/wp-json\/wp\/v2\/types\/page"}],"author":[{"embeddable":true,"href":"https:\/\/latintoreriasantceloni.cat\/es\/wp-json\/wp\/v2\/users\/1"}],"replies":[{"embeddable":true,"href":"https:\/\/latintoreriasantceloni.cat\/es\/wp-json\/wp\/v2\/comments?post=98"}],"version-history":[{"count":26,"href":"https:\/\/latintoreriasantceloni.cat\/es\/wp-json\/wp\/v2\/pages\/98\/revisions"}],"predecessor-version":[{"id":15460,"href":"https:\/\/latintoreriasantceloni.cat\/es\/wp-json\/wp\/v2\/pages\/98\/revisions\/15460"}],"wp:attachment":[{"href":"https:\/\/latintoreriasantceloni.cat\/es\/wp-json\/wp\/v2\/media?parent=98"}],"curies":[{"name":"wp","href":"https:\/\/api.w.org\/{rel}","templated":true}]}}