{"id":99,"date":"2019-10-12T14:24:02","date_gmt":"2019-10-12T14:24:02","guid":{"rendered":"https:\/\/latintoreriasantceloni.cat\/?page_id=99"},"modified":"2025-07-23T11:25:42","modified_gmt":"2025-07-23T11:25:42","slug":"titntoreria","status":"publish","type":"page","link":"https:\/\/latintoreriasantceloni.cat\/es\/titntoreria\/","title":{"rendered":"Tintorer\u00eda"},"content":{"rendered":"<div data-elementor-type=\"wp-page\" data-elementor-id=\"99\" class=\"elementor elementor-99\">\n\t\t\t\t\t\t<div class=\"elementor-inner\">\n\t\t\t\t<div class=\"elementor-section-wrap\">\n\t\t\t\t\t\t\t\t\t<section class=\"elementor-section elementor-top-section elementor-element elementor-element-b3fdb64 elementor-section-content-top elementor-section-boxed elementor-section-height-default elementor-section-height-default\" data-id=\"b3fdb64\" data-element_type=\"section\">\n\t\t\t\t\t\t<div class=\"elementor-container elementor-column-gap-no\">\n\t\t\t\t\t\t\t<div class=\"elementor-row\">\n\t\t\t\t\t<div class=\"aux-parallax-section elementor-column elementor-col-50 elementor-top-column elementor-element elementor-element-f483c62\" data-id=\"f483c62\" data-element_type=\"column\">\n\t\t\t<div class=\"elementor-column-wrap elementor-element-populated\">\n\t\t\t\t\t\t\t<div class=\"elementor-widget-wrap\">\n\t\t\t\t\t\t<div class=\"elementor-element elementor-element-36ae46d elementor-widget elementor-widget-image\" data-id=\"36ae46d\" data-element_type=\"widget\" data-widget_type=\"image.default\">\n\t\t\t\t<div class=\"elementor-widget-container\">\n\t\t\t\t\t\t\t\t<div class=\"elementor-image\">\n\t\t\t\t\t\t\t\t\t\t\t\t<img loading=\"lazy\" decoding=\"async\" width=\"1024\" height=\"1024\" src=\"https:\/\/latintoreriasantceloni.cat\/wp-content\/uploads\/2023\/06\/ef2653b2-e95d-459d-ad1c-b22542e0920b-1024x1024.jpg\" class=\"attachment-large size-large wp-image-725\" alt=\"\" srcset=\"https:\/\/latintoreriasantceloni.cat\/wp-content\/uploads\/2023\/06\/ef2653b2-e95d-459d-ad1c-b22542e0920b-1024x1024.jpg 1024w, https:\/\/latintoreriasantceloni.cat\/wp-content\/uploads\/2023\/06\/ef2653b2-e95d-459d-ad1c-b22542e0920b-300x300.jpg 300w, https:\/\/latintoreriasantceloni.cat\/wp-content\/uploads\/2023\/06\/ef2653b2-e95d-459d-ad1c-b22542e0920b-150x150.jpg 150w, https:\/\/latintoreriasantceloni.cat\/wp-content\/uploads\/2023\/06\/ef2653b2-e95d-459d-ad1c-b22542e0920b-768x768.jpg 768w\" sizes=\"auto, (max-width: 1024px) 100vw, 1024px\" \/>\t\t\t\t\t\t\t\t\t\t\t\t\t\t<\/div>\n\t\t\t\t\t\t<\/div>\n\t\t\t\t<\/div>\n\t\t\t\t<div class=\"elementor-element elementor-element-ddd2745 elementor-widget elementor-widget-image-gallery\" data-id=\"ddd2745\" data-element_type=\"widget\" data-widget_type=\"image-gallery.default\">\n\t\t\t\t<div class=\"elementor-widget-container\">\n\t\t\t\t\t<div class=\"elementor-image-gallery\">\n\t\t\t\n\t\t<style type=\"text\/css\">\n\t\t\t#gallery-1 {\n\t\t\t\tmargin: auto;\n\t\t\t}\n\t\t\t#gallery-1 .gallery-item {\n\t\t\t\tfloat: left;\n\t\t\t\tmargin-top: 10px;\n\t\t\t\ttext-align: center;\n\t\t\t\twidth: 25%;\n\t\t\t}\n\t\t\t#gallery-1 img {\n\t\t\t\tborder: 2px solid #cfcfcf;\n\t\t\t}\n\t\t\t#gallery-1 .gallery-caption {\n\t\t\t\tmargin-left: 0;\n\t\t\t}\n\t\t\t\/* see gallery_shortcode() in wp-includes\/media.php *\/\n\t\t<\/style>\n\t\t<div id='gallery-1' class='gallery galleryid-99 gallery-columns-4 gallery-size-thumbnail'><dl class='gallery-item'>\n\t\t\t<dt class='gallery-icon landscape'>\n\t\t\t\t<a data-elementor-open-lightbox=\"yes\" data-elementor-lightbox-slideshow=\"ddd2745\" data-elementor-lightbox-title=\"4\" data-e-action-hash=\"#elementor-action%3Aaction%3Dlightbox%26settings%3DeyJpZCI6MzMyLCJ1cmwiOiJodHRwczpcL1wvbGF0aW50b3Jlcmlhc2FudGNlbG9uaS5jYXRcL3dwLWNvbnRlbnRcL3VwbG9hZHNcLzIwMjNcLzA2XC80LmpwZyIsInNsaWRlc2hvdyI6ImRkZDI3NDUifQ%3D%3D\" href='https:\/\/latintoreriasantceloni.cat\/wp-content\/uploads\/2023\/06\/4.jpg'><img loading=\"lazy\" decoding=\"async\" width=\"150\" height=\"150\" src=\"https:\/\/latintoreriasantceloni.cat\/wp-content\/uploads\/2023\/06\/4-150x150.jpg\" class=\"attachment-thumbnail size-thumbnail\" alt=\"\" srcset=\"https:\/\/latintoreriasantceloni.cat\/wp-content\/uploads\/2023\/06\/4-150x150.jpg 150w, https:\/\/latintoreriasantceloni.cat\/wp-content\/uploads\/2023\/06\/4-300x300.jpg 300w, https:\/\/latintoreriasantceloni.cat\/wp-content\/uploads\/2023\/06\/4-768x768.jpg 768w, https:\/\/latintoreriasantceloni.cat\/wp-content\/uploads\/2023\/06\/4-12x12.jpg 12w, https:\/\/latintoreriasantceloni.cat\/wp-content\/uploads\/2023\/06\/4.jpg 800w\" sizes=\"auto, (max-width: 150px) 100vw, 150px\" \/><\/a>\n\t\t\t<\/dt><\/dl><dl class='gallery-item'>\n\t\t\t<dt class='gallery-icon landscape'>\n\t\t\t\t<a data-elementor-open-lightbox=\"yes\" data-elementor-lightbox-slideshow=\"ddd2745\" data-elementor-lightbox-title=\"2\" data-e-action-hash=\"#elementor-action%3Aaction%3Dlightbox%26settings%3DeyJpZCI6MzMzLCJ1cmwiOiJodHRwczpcL1wvbGF0aW50b3Jlcmlhc2FudGNlbG9uaS5jYXRcL3dwLWNvbnRlbnRcL3VwbG9hZHNcLzIwMjNcLzA2XC8yLmpwZyIsInNsaWRlc2hvdyI6ImRkZDI3NDUifQ%3D%3D\" href='https:\/\/latintoreriasantceloni.cat\/wp-content\/uploads\/2023\/06\/2.jpg'><img loading=\"lazy\" decoding=\"async\" width=\"150\" height=\"150\" src=\"https:\/\/latintoreriasantceloni.cat\/wp-content\/uploads\/2023\/06\/2-150x150.jpg\" class=\"attachment-thumbnail size-thumbnail\" alt=\"\" srcset=\"https:\/\/latintoreriasantceloni.cat\/wp-content\/uploads\/2023\/06\/2-150x150.jpg 150w, https:\/\/latintoreriasantceloni.cat\/wp-content\/uploads\/2023\/06\/2-300x300.jpg 300w, https:\/\/latintoreriasantceloni.cat\/wp-content\/uploads\/2023\/06\/2-768x768.jpg 768w, https:\/\/latintoreriasantceloni.cat\/wp-content\/uploads\/2023\/06\/2-12x12.jpg 12w, https:\/\/latintoreriasantceloni.cat\/wp-content\/uploads\/2023\/06\/2.jpg 800w\" sizes=\"auto, (max-width: 150px) 100vw, 150px\" \/><\/a>\n\t\t\t<\/dt><\/dl><dl class='gallery-item'>\n\t\t\t<dt class='gallery-icon landscape'>\n\t\t\t\t<a data-elementor-open-lightbox=\"yes\" data-elementor-lightbox-slideshow=\"ddd2745\" data-elementor-lightbox-title=\"3\" data-e-action-hash=\"#elementor-action%3Aaction%3Dlightbox%26settings%3DeyJpZCI6MzM0LCJ1cmwiOiJodHRwczpcL1wvbGF0aW50b3Jlcmlhc2FudGNlbG9uaS5jYXRcL3dwLWNvbnRlbnRcL3VwbG9hZHNcLzIwMjNcLzA2XC8zLmpwZyIsInNsaWRlc2hvdyI6ImRkZDI3NDUifQ%3D%3D\" href='https:\/\/latintoreriasantceloni.cat\/wp-content\/uploads\/2023\/06\/3.jpg'><img loading=\"lazy\" decoding=\"async\" width=\"150\" height=\"150\" src=\"https:\/\/latintoreriasantceloni.cat\/wp-content\/uploads\/2023\/06\/3-150x150.jpg\" class=\"attachment-thumbnail size-thumbnail\" alt=\"\" srcset=\"https:\/\/latintoreriasantceloni.cat\/wp-content\/uploads\/2023\/06\/3-150x150.jpg 150w, https:\/\/latintoreriasantceloni.cat\/wp-content\/uploads\/2023\/06\/3-300x300.jpg 300w, https:\/\/latintoreriasantceloni.cat\/wp-content\/uploads\/2023\/06\/3-768x768.jpg 768w, https:\/\/latintoreriasantceloni.cat\/wp-content\/uploads\/2023\/06\/3-12x12.jpg 12w, https:\/\/latintoreriasantceloni.cat\/wp-content\/uploads\/2023\/06\/3.jpg 800w\" sizes=\"auto, (max-width: 150px) 100vw, 150px\" \/><\/a>\n\t\t\t<\/dt><\/dl><dl class='gallery-item'>\n\t\t\t<dt class='gallery-icon landscape'>\n\t\t\t\t<a data-elementor-open-lightbox=\"yes\" data-elementor-lightbox-slideshow=\"ddd2745\" data-elementor-lightbox-title=\"1\" data-e-action-hash=\"#elementor-action%3Aaction%3Dlightbox%26settings%3DeyJpZCI6MzM1LCJ1cmwiOiJodHRwczpcL1wvbGF0aW50b3Jlcmlhc2FudGNlbG9uaS5jYXRcL3dwLWNvbnRlbnRcL3VwbG9hZHNcLzIwMjNcLzA2XC8xLmpwZyIsInNsaWRlc2hvdyI6ImRkZDI3NDUifQ%3D%3D\" href='https:\/\/latintoreriasantceloni.cat\/wp-content\/uploads\/2023\/06\/1.jpg'><img loading=\"lazy\" decoding=\"async\" width=\"150\" height=\"150\" src=\"https:\/\/latintoreriasantceloni.cat\/wp-content\/uploads\/2023\/06\/1-150x150.jpg\" class=\"attachment-thumbnail size-thumbnail\" alt=\"\" srcset=\"https:\/\/latintoreriasantceloni.cat\/wp-content\/uploads\/2023\/06\/1-150x150.jpg 150w, https:\/\/latintoreriasantceloni.cat\/wp-content\/uploads\/2023\/06\/1-300x300.jpg 300w, https:\/\/latintoreriasantceloni.cat\/wp-content\/uploads\/2023\/06\/1-768x768.jpg 768w, https:\/\/latintoreriasantceloni.cat\/wp-content\/uploads\/2023\/06\/1-12x12.jpg 12w, https:\/\/latintoreriasantceloni.cat\/wp-content\/uploads\/2023\/06\/1.jpg 800w\" sizes=\"auto, (max-width: 150px) 100vw, 150px\" \/><\/a>\n\t\t\t<\/dt><\/dl><br style=\"clear: both\" \/>\n\t\t<\/div>\n\t\t<\/div>\n\t\t\t\t<\/div>\n\t\t\t\t<\/div>\n\t\t\t\t\t\t<\/div>\n\t\t\t\t\t<\/div>\n\t\t<\/div>\n\t\t\t\t<div class=\"aux-parallax-section elementor-column elementor-col-50 elementor-top-column elementor-element elementor-element-ae2b4dd\" data-id=\"ae2b4dd\" data-element_type=\"column\">\n\t\t\t<div class=\"elementor-column-wrap elementor-element-populated\">\n\t\t\t\t\t\t\t<div class=\"elementor-widget-wrap\">\n\t\t\t\t\t\t<div class=\"elementor-element elementor-element-4513fa3 elementor-widget elementor-widget-image\" data-id=\"4513fa3\" data-element_type=\"widget\" data-widget_type=\"image.default\">\n\t\t\t\t<div class=\"elementor-widget-container\">\n\t\t\t\t\t\t\t\t<div class=\"elementor-image\">\n\t\t\t\t\t\t\t\t\t\t\t\t<img loading=\"lazy\" decoding=\"async\" width=\"753\" height=\"755\" src=\"https:\/\/latintoreriasantceloni.cat\/wp-content\/uploads\/2025\/07\/ea48c8a5-2bc4-4487-ba1a-649251fcc951.jpg\" class=\"attachment-full size-full wp-image-15450\" alt=\"\" srcset=\"https:\/\/latintoreriasantceloni.cat\/wp-content\/uploads\/2025\/07\/ea48c8a5-2bc4-4487-ba1a-649251fcc951.jpg 753w, https:\/\/latintoreriasantceloni.cat\/wp-content\/uploads\/2025\/07\/ea48c8a5-2bc4-4487-ba1a-649251fcc951-300x300.jpg 300w, https:\/\/latintoreriasantceloni.cat\/wp-content\/uploads\/2025\/07\/ea48c8a5-2bc4-4487-ba1a-649251fcc951-150x150.jpg 150w, https:\/\/latintoreriasantceloni.cat\/wp-content\/uploads\/2025\/07\/ea48c8a5-2bc4-4487-ba1a-649251fcc951-12x12.jpg 12w\" sizes=\"auto, (max-width: 753px) 100vw, 753px\" \/>\t\t\t\t\t\t\t\t\t\t\t\t\t\t<\/div>\n\t\t\t\t\t\t<\/div>\n\t\t\t\t<\/div>\n\t\t\t\t<div class=\"elementor-element elementor-element-5eb6727 aux-appear-watch-animation aux-fade-in-right-1 elementor-widget elementor-widget-aux_modern_heading\" data-id=\"5eb6727\" data-element_type=\"widget\" data-widget_type=\"aux_modern_heading.default\">\n\t\t\t\t<div class=\"elementor-widget-container\">\n\t\t\t<section class=\"aux-widget-modern-heading\">\n            <div class=\"aux-widget-inner\"><h5 class=\"aux-modern-heading-primary\">Tintorer\u00eda<\/h5><h3 class=\"aux-modern-heading-secondary\"><span class=\"aux-head-before\">Lavamos, Planchamos y Te\u00f1imos<\/span><\/h3><div class=\"aux-modern-heading-description\"><p>Abrigos, anoracs, americanas, chaquetas de moto, vestidos de novia y de fiesta, ropa del hogar, alfombras... y <strong>cualquier prenda que necesites.<\/strong><\/p><p><strong>Tratamos todo tipo de fibras:<\/strong> seda, lana, cashmere, viscosa, bordados... utilizando los sistemas de lavado m\u00e1s actuales, como el Wet Cleaning. Trabajando con productos biodegradables y respetuosos con el medio ambiente.<\/p><p>En cada pieza, <strong>seguimos estrictamente los protocolos indicados<\/strong> para que quede como el primer d\u00eda. Y adem\u00e1s, si lo necesitas, \u00a1la te\u00f1imos para darle una segunda vida!<\/p><\/div><\/div>\n        <\/section>\t\t<\/div>\n\t\t\t\t<\/div>\n\t\t\t\t<div class=\"elementor-element elementor-element-1c5e598 elementor-widget elementor-widget-aux_modern_button\" data-id=\"1c5e598\" data-element_type=\"widget\" data-widget_type=\"aux_modern_button.default\">\n\t\t\t\t<div class=\"elementor-widget-container\">\n\t\t\t    <div class=\"aux-modern-button-wrapper aux-modern-button-align-left\" >\n                    <a class=\"aux-modern-button aux-black aux-modern-button-md aux-modern-button-normal aux-modern-button-default aux-icon-\" href=\"https:\/\/latintoreriasantceloni.cat\/es\/contact\/\">\n                <div class=\"aux-overlay\"><\/div>\n                                    <div class=\"aux-icon\">\n                                            <\/div>\n                                <div class=\"aux-text\">\n<span class=\"aux-text-before\">Contactar<\/span>                <\/div>\n            <\/a>\n            \n    <\/div>\n\n    \t\t<\/div>\n\t\t\t\t<\/div>\n\t\t\t\t\t\t<\/div>\n\t\t\t\t\t<\/div>\n\t\t<\/div>\n\t\t\t\t\t\t\t\t<\/div>\n\t\t\t\t\t<\/div>\n\t\t<\/section>\n\t\t\t\t<section class=\"elementor-section elementor-top-section elementor-element elementor-element-4b45590 elementor-section-boxed elementor-section-height-default elementor-section-height-default\" data-id=\"4b45590\" data-element_type=\"section\">\n\t\t\t\t\t\t<div class=\"elementor-container elementor-column-gap-default\">\n\t\t\t\t\t\t\t<div class=\"elementor-row\">\n\t\t\t\t\t<div class=\"aux-parallax-section elementor-column elementor-col-100 elementor-top-column elementor-element elementor-element-b49091e\" data-id=\"b49091e\" data-element_type=\"column\">\n\t\t\t<div class=\"elementor-column-wrap elementor-element-populated\">\n\t\t\t\t\t\t\t<div class=\"elementor-widget-wrap\">\n\t\t\t\t\t\t<div class=\"elementor-element elementor-element-1fcf5fc elementor-widget elementor-widget-video\" data-id=\"1fcf5fc\" data-element_type=\"widget\" data-settings=\"{&quot;video_type&quot;:&quot;hosted&quot;,&quot;autoplay&quot;:&quot;yes&quot;,&quot;controls&quot;:&quot;yes&quot;}\" data-widget_type=\"video.default\">\n\t\t\t\t<div class=\"elementor-widget-container\">\n\t\t\t\t\t<div class=\"e-hosted-video elementor-wrapper elementor-open-inline\">\n\t\t\t\t\t<video class=\"elementor-video\" src=\"https:\/\/latintoreriasantceloni.cat\/wp-content\/uploads\/2023\/06\/roba.mp4\" autoplay=\"\" controls=\"\" controlslist=\"nodownload\"><\/video>\n\t\t\t\t<\/div>\n\t\t\t\t<\/div>\n\t\t\t\t<\/div>\n\t\t\t\t\t\t<\/div>\n\t\t\t\t\t<\/div>\n\t\t<\/div>\n\t\t\t\t\t\t\t\t<\/div>\n\t\t\t\t\t<\/div>\n\t\t<\/section>\n\t\t\t\t<section class=\"elementor-section elementor-top-section elementor-element elementor-element-07a1c0c elementor-section-height-min-height aux-appear-watch-animation aux-scale-up elementor-section-boxed elementor-section-height-default elementor-section-items-middle\" data-id=\"07a1c0c\" data-element_type=\"section\" data-settings=\"{&quot;background_background&quot;:&quot;classic&quot;}\">\n\t\t\t\t\t\t\t<div class=\"elementor-background-overlay\"><\/div>\n\t\t\t\t\t\t\t<div class=\"elementor-container elementor-column-gap-no\">\n\t\t\t\t\t\t\t<div class=\"elementor-row\">\n\t\t\t\t\t<div class=\"aux-parallax-section elementor-column elementor-col-100 elementor-top-column elementor-element elementor-element-04296b2\" data-id=\"04296b2\" data-element_type=\"column\">\n\t\t\t<div class=\"elementor-column-wrap elementor-element-populated\">\n\t\t\t\t\t\t\t<div class=\"elementor-widget-wrap\">\n\t\t\t\t\t\t<div class=\"elementor-element elementor-element-189cdb0 aux-appear-watch-animation aux-fade-in-down-1 elementor-widget elementor-widget-aux_modern_heading\" data-id=\"189cdb0\" data-element_type=\"widget\" data-widget_type=\"aux_modern_heading.default\">\n\t\t\t\t<div class=\"elementor-widget-container\">\n\t\t\t<section class=\"aux-widget-modern-heading\">\n            <div class=\"aux-widget-inner\"><h5 class=\"aux-modern-heading-primary\">La Tintorer\u00eda Sant Celoni<\/h5><h3 class=\"aux-modern-heading-secondary\"><span class=\"aux-head-before\">Tu tintorer\u00eda y lavander\u00eda ecol\u00f3gica<\/span><\/h3><\/div>\n        <\/section>\t\t<\/div>\n\t\t\t\t<\/div>\n\t\t\t\t\t\t<\/div>\n\t\t\t\t\t<\/div>\n\t\t<\/div>\n\t\t\t\t\t\t\t\t<\/div>\n\t\t\t\t\t<\/div>\n\t\t<\/section>\n\t\t\t\t\t\t\t\t\t<\/div>\n\t\t\t<\/div>\n\t\t\t\t\t<\/div>","protected":false},"excerpt":{"rendered":"<p>Tintoreria Rentem, Planxem i Tenyim Abrics, anoracs, americanes, jaquetes de moto, vestits de n\u00favia i de festa, roba de la llar, catifes&#8230; i qualsevol pe\u00e7a de roba que necessitis. Tractem tot tipus de fibres: seda, llana, cashmere, viscosa, brodats&#8230; utilitzant els sistemes de rentat m\u00e9s actuals, com el Wet Cleaning. Treballant amb productes biodegradables i [&hellip;]<\/p>","protected":false},"author":1,"featured_media":0,"parent":0,"menu_order":0,"comment_status":"closed","ping_status":"closed","template":"templates\/page-builder-content.php","meta":{"footnotes":""},"class_list":["post-99","page","type-page","status-publish","hentry"],"yoast_head":"<!-- This site is optimized with the Yoast SEO plugin v20.8 - https:\/\/yoast.com\/wordpress\/plugins\/seo\/ -->\n<title>La Tintoreria Sant Celoni | Tintoreria<\/title>\n<meta name=\"description\" content=\"A la Tintoreria de Sant Celoni et rentem i arreglem la roba perqu\u00e8 tu guanyis temps i estalvi\u00efs diners.\" \/>\n<meta name=\"robots\" content=\"index, follow, max-snippet:-1, max-image-preview:large, max-video-preview:-1\" \/>\n<link rel=\"canonical\" href=\"https:\/\/latintoreriasantceloni.cat\/es\/titntoreria\/\" \/>\n<meta property=\"og:locale\" content=\"es_ES\" \/>\n<meta property=\"og:type\" content=\"article\" \/>\n<meta property=\"og:title\" content=\"La Tintoreria Sant Celoni | Tintoreria\" \/>\n<meta property=\"og:description\" content=\"A la Tintoreria de Sant Celoni et rentem i arreglem la roba perqu\u00e8 tu guanyis temps i estalvi\u00efs diners.\" \/>\n<meta property=\"og:url\" content=\"https:\/\/latintoreriasantceloni.cat\/es\/titntoreria\/\" \/>\n<meta property=\"og:site_name\" content=\"La Tintoreria Sant Celoni\" \/>\n<meta property=\"article:modified_time\" content=\"2025-07-23T11:25:42+00:00\" \/>\n<meta property=\"og:image\" content=\"https:\/\/latintoreriasantceloni.cat\/wp-content\/uploads\/2023\/06\/ef2653b2-e95d-459d-ad1c-b22542e0920b-1024x1024.jpg\" \/>\n<meta name=\"twitter:card\" content=\"summary_large_image\" \/>\n<meta name=\"twitter:label1\" content=\"Tiempo de lectura\" \/>\n\t<meta name=\"twitter:data1\" content=\"2 minutos\" \/>\n<script type=\"application\/ld+json\" class=\"yoast-schema-graph\">{\"@context\":\"https:\/\/schema.org\",\"@graph\":[{\"@type\":\"WebPage\",\"@id\":\"https:\/\/latintoreriasantceloni.cat\/titntoreria\/\",\"url\":\"https:\/\/latintoreriasantceloni.cat\/titntoreria\/\",\"name\":\"La Tintoreria Sant Celoni | Tintoreria\",\"isPartOf\":{\"@id\":\"https:\/\/latintoreriasantceloni.cat\/#website\"},\"datePublished\":\"2019-10-12T14:24:02+00:00\",\"dateModified\":\"2025-07-23T11:25:42+00:00\",\"description\":\"A la Tintoreria de Sant Celoni et rentem i arreglem la roba perqu\u00e8 tu guanyis temps i estalvi\u00efs diners.\",\"breadcrumb\":{\"@id\":\"https:\/\/latintoreriasantceloni.cat\/titntoreria\/#breadcrumb\"},\"inLanguage\":\"es\",\"potentialAction\":[{\"@type\":\"ReadAction\",\"target\":[\"https:\/\/latintoreriasantceloni.cat\/titntoreria\/\"]}]},{\"@type\":\"BreadcrumbList\",\"@id\":\"https:\/\/latintoreriasantceloni.cat\/titntoreria\/#breadcrumb\",\"itemListElement\":[{\"@type\":\"ListItem\",\"position\":1,\"name\":\"Portada\",\"item\":\"https:\/\/latintoreriasantceloni.cat\/\"},{\"@type\":\"ListItem\",\"position\":2,\"name\":\"Tintoreria\"}]},{\"@type\":\"WebSite\",\"@id\":\"https:\/\/latintoreriasantceloni.cat\/#website\",\"url\":\"https:\/\/latintoreriasantceloni.cat\/\",\"name\":\"La Tintoreria Sant Celoni\",\"description\":\"\",\"publisher\":{\"@id\":\"https:\/\/latintoreriasantceloni.cat\/#organization\"},\"potentialAction\":[{\"@type\":\"SearchAction\",\"target\":{\"@type\":\"EntryPoint\",\"urlTemplate\":\"https:\/\/latintoreriasantceloni.cat\/?s={search_term_string}\"},\"query-input\":\"required name=search_term_string\"}],\"inLanguage\":\"es\"},{\"@type\":\"Organization\",\"@id\":\"https:\/\/latintoreriasantceloni.cat\/#organization\",\"name\":\"La Tintoreria Sant Celoni\",\"url\":\"https:\/\/latintoreriasantceloni.cat\/\",\"logo\":{\"@type\":\"ImageObject\",\"inLanguage\":\"es\",\"@id\":\"https:\/\/latintoreriasantceloni.cat\/#\/schema\/logo\/image\/\",\"url\":\"https:\/\/latintoreriasantceloni.cat\/wp-content\/uploads\/2023\/06\/logo.png\",\"contentUrl\":\"https:\/\/latintoreriasantceloni.cat\/wp-content\/uploads\/2023\/06\/logo.png\",\"width\":300,\"height\":100,\"caption\":\"La Tintoreria Sant Celoni\"},\"image\":{\"@id\":\"https:\/\/latintoreriasantceloni.cat\/#\/schema\/logo\/image\/\"}}]}<\/script>\n<!-- \/ Yoast SEO plugin. -->","yoast_head_json":{"title":"La Tintoreria Sant Celoni | Tintoreria","description":"A la Tintoreria de Sant Celoni et rentem i arreglem la roba perqu\u00e8 tu guanyis temps i estalvi\u00efs diners.","robots":{"index":"index","follow":"follow","max-snippet":"max-snippet:-1","max-image-preview":"max-image-preview:large","max-video-preview":"max-video-preview:-1"},"canonical":"https:\/\/latintoreriasantceloni.cat\/es\/titntoreria\/","og_locale":"es_ES","og_type":"article","og_title":"La Tintoreria Sant Celoni | Tintoreria","og_description":"A la Tintoreria de Sant Celoni et rentem i arreglem la roba perqu\u00e8 tu guanyis temps i estalvi\u00efs diners.","og_url":"https:\/\/latintoreriasantceloni.cat\/es\/titntoreria\/","og_site_name":"La Tintoreria Sant Celoni","article_modified_time":"2025-07-23T11:25:42+00:00","og_image":[{"url":"https:\/\/latintoreriasantceloni.cat\/wp-content\/uploads\/2023\/06\/ef2653b2-e95d-459d-ad1c-b22542e0920b-1024x1024.jpg"}],"twitter_card":"summary_large_image","twitter_misc":{"Tiempo de lectura":"2 minutos"},"schema":{"@context":"https:\/\/schema.org","@graph":[{"@type":"WebPage","@id":"https:\/\/latintoreriasantceloni.cat\/titntoreria\/","url":"https:\/\/latintoreriasantceloni.cat\/titntoreria\/","name":"La Tintoreria Sant Celoni | Tintoreria","isPartOf":{"@id":"https:\/\/latintoreriasantceloni.cat\/#website"},"datePublished":"2019-10-12T14:24:02+00:00","dateModified":"2025-07-23T11:25:42+00:00","description":"A la Tintoreria de Sant Celoni et rentem i arreglem la roba perqu\u00e8 tu guanyis temps i estalvi\u00efs diners.","breadcrumb":{"@id":"https:\/\/latintoreriasantceloni.cat\/titntoreria\/#breadcrumb"},"inLanguage":"es","potentialAction":[{"@type":"ReadAction","target":["https:\/\/latintoreriasantceloni.cat\/titntoreria\/"]}]},{"@type":"BreadcrumbList","@id":"https:\/\/latintoreriasantceloni.cat\/titntoreria\/#breadcrumb","itemListElement":[{"@type":"ListItem","position":1,"name":"Portada","item":"https:\/\/latintoreriasantceloni.cat\/"},{"@type":"ListItem","position":2,"name":"Tintoreria"}]},{"@type":"WebSite","@id":"https:\/\/latintoreriasantceloni.cat\/#website","url":"https:\/\/latintoreriasantceloni.cat\/","name":"La Tintoreria Sant Celoni","description":"","publisher":{"@id":"https:\/\/latintoreriasantceloni.cat\/#organization"},"potentialAction":[{"@type":"SearchAction","target":{"@type":"EntryPoint","urlTemplate":"https:\/\/latintoreriasantceloni.cat\/?s={search_term_string}"},"query-input":"required name=search_term_string"}],"inLanguage":"es"},{"@type":"Organization","@id":"https:\/\/latintoreriasantceloni.cat\/#organization","name":"La Tintoreria Sant Celoni","url":"https:\/\/latintoreriasantceloni.cat\/","logo":{"@type":"ImageObject","inLanguage":"es","@id":"https:\/\/latintoreriasantceloni.cat\/#\/schema\/logo\/image\/","url":"https:\/\/latintoreriasantceloni.cat\/wp-content\/uploads\/2023\/06\/logo.png","contentUrl":"https:\/\/latintoreriasantceloni.cat\/wp-content\/uploads\/2023\/06\/logo.png","width":300,"height":100,"caption":"La Tintoreria Sant Celoni"},"image":{"@id":"https:\/\/latintoreriasantceloni.cat\/#\/schema\/logo\/image\/"}}]}},"_links":{"self":[{"href":"https:\/\/latintoreriasantceloni.cat\/es\/wp-json\/wp\/v2\/pages\/99","targetHints":{"allow":["GET"]}}],"collection":[{"href":"https:\/\/latintoreriasantceloni.cat\/es\/wp-json\/wp\/v2\/pages"}],"about":[{"href":"https:\/\/latintoreriasantceloni.cat\/es\/wp-json\/wp\/v2\/types\/page"}],"author":[{"embeddable":true,"href":"https:\/\/latintoreriasantceloni.cat\/es\/wp-json\/wp\/v2\/users\/1"}],"replies":[{"embeddable":true,"href":"https:\/\/latintoreriasantceloni.cat\/es\/wp-json\/wp\/v2\/comments?post=99"}],"version-history":[{"count":36,"href":"https:\/\/latintoreriasantceloni.cat\/es\/wp-json\/wp\/v2\/pages\/99\/revisions"}],"predecessor-version":[{"id":15453,"href":"https:\/\/latintoreriasantceloni.cat\/es\/wp-json\/wp\/v2\/pages\/99\/revisions\/15453"}],"wp:attachment":[{"href":"https:\/\/latintoreriasantceloni.cat\/es\/wp-json\/wp\/v2\/media?parent=99"}],"curies":[{"name":"wp","href":"https:\/\/api.w.org\/{rel}","templated":true}]}}